{"id":4137,"date":"2022-08-22T10:59:36","date_gmt":"2022-08-22T08:59:36","guid":{"rendered":"http:\/\/itsall-energyefficiency.com\/?page_id=4137"},"modified":"2022-08-22T11:06:08","modified_gmt":"2022-08-22T09:06:08","slug":"intervista-masini-quix","status":"publish","type":"page","link":"https:\/\/itsall-energyefficiency.com\/index.php\/intervista-masini-quix\/","title":{"rendered":"intervista Masini QUIX"},"content":{"rendered":"<h2><span style=\"color: #339966;\"><strong><img loading=\"lazy\" decoding=\"async\" class=\"size-full wp-image-4104 alignleft\" src=\"http:\/\/itsall-energyefficiency.com\/wp-content\/uploads\/2022\/07\/MASINI.jpg\" alt=\"\" width=\"200\" height=\"200\" srcset=\"https:\/\/itsall-energyefficiency.com\/wp-content\/uploads\/2022\/07\/MASINI.jpg 200w, https:\/\/itsall-energyefficiency.com\/wp-content\/uploads\/2022\/07\/MASINI-150x150.jpg 150w\" sizes=\"auto, (max-width: 200px) 100vw, 200px\" \/><\/strong><\/span><\/h2>\n<p>&nbsp;<\/p>\n<h1><span style=\"color: #339966;\">Intervista<\/span><\/h1>\n<p><strong>Claudio Masini<\/strong>\u00a0 Amministratore Delegato <strong>QUIX<\/strong><\/p>\n<p>&nbsp;<\/p>\n<p>&nbsp;<\/p>\n<p>&nbsp;<\/p>\n<h2><span style=\"color: #339966;\"><strong>Nel vostro intervento presenterete la vostra piattaforma QPower, in che modo questo strumento pu\u00f2 aiutare le aziende?<\/strong><\/span><\/h2>\n<p>Ogni Energy Manager necessita di migliorare la gestione dell\u2019energia, ottimizzare i costi energetici, diminuire lo spreco energetico e aumentare l\u2019efficienza. Realizzare tutti questi obiettivi non \u00e8 semplice, ma l\u2019applicazione di tecnologie digitali dedicate a questo scopo\u00a0 \u00e8 un percorso che pu\u00f2 generare una riduzione dei costi in tempi brevi.<\/p>\n<p><a href=\"https:\/\/www.quixconsulting.com\/it\/servizio\/gestione-dell-energia\/\">QPower<\/a> \u00e8 una piattaforma web che permette di monitorare ed analizzare le prestazioni energetiche di sistemi complessi come impianti di produzione industriale ed edifici.<\/p>\n<p>QPower gestisce tutto ci\u00f2 che riguarda la gestione energetica: dalla gestione dei contratti di fornitura, al calcolo automatico delle bollette e degli oneri, sulla base delle letture dei contatori , e dei contratti scaricando in automatico tutti gli indici necessari. Questo software consente anche di individuare gli andamenti anomali dei consumi e pu\u00f2 evidenziare aree con sprechi di energia.<\/p>\n<p>Inoltre la piattaforma ha a disposizione il modulo per la simulazione e la comparazione di scenari alternativi.<\/p>\n<p>L\u2019energy manager pu\u00f2 quindi simulare delle modifiche e testarne l\u2019efficacia sia sul passato (cosa sarebbe successo se\u2026) che soprattutto sul futuro (cosa accadrebbe se \u2026), per trovare la combinazione migliore e garantire la massima efficienza.<\/p>\n<p>Quest\u2019ultima possibilit\u00e0, non va di certo trascurata, e rende possibile ottimizzare le risorse e intervenire al momento giusto, riducendo il margine di errore.\u00a0 Il tutto facilmente integrabile con i sistemi gi\u00e0 presenti in azienda.<\/p>\n<p>QPower \u00e8 l\u2019assistente digitale pensato per supportare gli Energy Manager nella gestione dell\u2019energia.<\/p>\n<p><strong>\u00a0<\/strong><\/p>\n<h2><span style=\"color: #339966;\"><strong>Perch\u00e9 \u00e8 importante per le aziende l&#8217;utilizzo di un software per la gestione dell&#8217;energia?<\/strong><\/span><\/h2>\n<p>L\u2019instabilit\u00e0 e l\u2019aumento delle bollette energetiche, la digitalizzazione, la crescente pressione del mercato e le nuove normative, rendono difficile per le aziende definire il percorso per raggiungere i propri obiettivi di ottimizzazione dei costi e riduzione delle emissioni.<\/p>\n<p>Infatti, sempre pi\u00f9 diffusa all\u2019interno delle aziende \u00e8 la mancanza di chiarezza su come decarbonizzare, una comprensione limitata del proprio utilizzo dell\u2019energia e la poca disponibilit\u00e0 di dati. Questo rende sempre pi\u00f9 difficile bilanciare le esigenze del pianeta con quelle del profitto aziendale.<\/p>\n<p>Con un buon sistema per la gestione energetica \u00e8 possibile rispettare le nuove normative, ma anche gestire e analizzare enormi moli di\u00a0 dati riuscendo cos\u00ec a sviluppare ed implementare strategie data-driven, per ridurre gli sprechi, i costi ed essere pi\u00f9 efficienti.<\/p>\n<p>La possibilit\u00e0 di avere poi dei dati affidabili sui reali consumi dell\u2019azienda sensibilizza in modo importante le persone al suo interno. Da questo punto di vista, quindi, un energy management system \u00e8 anche un ottimo strumento per aumentare il senso di responsabilit\u00e0 collettiva all\u2019interno dell\u2019azienda e quindi la brand reputation.<\/p>\n<p>Non bisogna dimenticare infine che, un efficace sistema di gestione dell\u2019energia supporta l\u2019energy manager in tutte le operazioni time consuming, restituendo il tempo necessario\u00a0 per lavorare sui progetti di efficienza energetica pi\u00f9 adatti all\u2019azienda e trovare le soluzioni migliori.<\/p>\n<p>L\u2019innovativo <a href=\"https:\/\/www.quixconsulting.com\/it\/servizio\/gestione-dell-energia\/\">software per la gestione dell\u2019energia di Quix<\/a>, modulare, agile e multifunzione, permette di monitorare i consumi di qualsiasi tipo di energia, ma anche di pi\u00f9 stabilimenti, impianti, contatori ecc, consentendo di mantenere un alto livello di controllo ed efficienza.<\/p>\n<p>Quanta energia consuma lo stabilimento di produzione o l\u2019edificio in cui ha sede l\u2019azienda? Quanto potrebbe consumare il mese o l\u2019anno prossimo? Quanto si potrebbe risparmiare cambiando fornitore? Quanto si sarebbe consumato se una o pi\u00f9 variabili fossero state gestite in maniera diversa? Se si fosse utilizzato un tipo diverso di macchinari? E se invece i turni di produzione per i prossimi 12 mesi venissero organizzati diversamente?<\/p>\n<p>Queste sono domande che qualsiasi azienda dovrebbe porsi per migliorare la propria efficienza energetica, ma anche quella operativa.<\/p>\n<p>Da qui la necessit\u00e0 di utilizzare un software per la gestione dell\u2019energia e in un mercato sempre pi\u00f9 complesso, questa attivit\u00e0 pu\u00f2 fare la differenza.<\/p>\n<p>&nbsp;<\/p>\n<p>&nbsp;<\/p>\n","protected":false},"excerpt":{"rendered":"<p>&nbsp; Intervista Claudio Masini\u00a0 Amministratore Delegato QUIX &nbsp; &nbsp; &nbsp; Nel vostro intervento presenterete la vostra piattaforma QPower, in che modo questo strumento pu\u00f2 aiutare le aziende? Ogni Energy Manager necessita di migliorare la gestione dell\u2019energia, ottimizzare i costi energetici, diminuire lo spreco energetico e aumentare l\u2019efficienza. Realizzare tutti questi obiettivi non \u00e8 semplice, ma [&hellip;]<\/p>\n","protected":false},"author":2,"featured_media":0,"parent":0,"menu_order":0,"comment_status":"closed","ping_status":"closed","template":"","meta":{"footnotes":""},"class_list":["post-4137","page","type-page","status-publish","hentry"],"yoast_head":"<!-- This site is optimized with the Yoast SEO plugin v24.8.1 - https:\/\/yoast.com\/wordpress\/plugins\/seo\/ -->\n<title>intervista Masini QUIX - It&#039;s all ENERGY EFFICIENCY<\/title>\n<meta name=\"robots\" content=\"index, follow, max-snippet:-1, max-image-preview:large, max-video-preview:-1\" \/>\n<link rel=\"canonical\" href=\"https:\/\/itsall-energyefficiency.com\/index.php\/intervista-masini-quix\/\" \/>\n<meta property=\"og:locale\" content=\"it_IT\" \/>\n<meta property=\"og:type\" content=\"article\" \/>\n<meta property=\"og:title\" content=\"intervista Masini QUIX - It&#039;s all ENERGY EFFICIENCY\" \/>\n<meta property=\"og:description\" content=\"&nbsp; Intervista Claudio Masini\u00a0 Amministratore Delegato QUIX &nbsp; &nbsp; &nbsp; Nel vostro intervento presenterete la vostra piattaforma QPower, in che modo questo strumento pu\u00f2 aiutare le aziende? Ogni Energy Manager necessita di migliorare la gestione dell\u2019energia, ottimizzare i costi energetici, diminuire lo spreco energetico e aumentare l\u2019efficienza. Realizzare tutti questi obiettivi non \u00e8 semplice, ma [&hellip;]\" \/>\n<meta property=\"og:url\" content=\"https:\/\/itsall-energyefficiency.com\/index.php\/intervista-masini-quix\/\" \/>\n<meta property=\"og:site_name\" content=\"It&#039;s all ENERGY EFFICIENCY\" \/>\n<meta property=\"article:modified_time\" content=\"2022-08-22T09:06:08+00:00\" \/>\n<meta property=\"og:image\" content=\"https:\/\/itsall-energyefficiency.com\/wp-content\/uploads\/2022\/07\/MASINI.jpg\" \/>\n\t<meta property=\"og:image:width\" content=\"200\" \/>\n\t<meta property=\"og:image:height\" content=\"200\" \/>\n\t<meta property=\"og:image:type\" content=\"image\/jpeg\" \/>\n<meta name=\"twitter:card\" content=\"summary_large_image\" \/>\n<meta name=\"twitter:label1\" content=\"Tempo di lettura stimato\" \/>\n\t<meta name=\"twitter:data1\" content=\"3 minuti\" \/>\n<script type=\"application\/ld+json\" class=\"yoast-schema-graph\">{\"@context\":\"https:\/\/schema.org\",\"@graph\":[{\"@type\":\"WebPage\",\"@id\":\"https:\/\/itsall-energyefficiency.com\/index.php\/intervista-masini-quix\/\",\"url\":\"https:\/\/itsall-energyefficiency.com\/index.php\/intervista-masini-quix\/\",\"name\":\"intervista Masini QUIX - It&#039;s all ENERGY EFFICIENCY\",\"isPartOf\":{\"@id\":\"https:\/\/itsall-energyefficiency.com\/#website\"},\"primaryImageOfPage\":{\"@id\":\"https:\/\/itsall-energyefficiency.com\/index.php\/intervista-masini-quix\/#primaryimage\"},\"image\":{\"@id\":\"https:\/\/itsall-energyefficiency.com\/index.php\/intervista-masini-quix\/#primaryimage\"},\"thumbnailUrl\":\"http:\/\/itsall-energyefficiency.com\/wp-content\/uploads\/2022\/07\/MASINI.jpg\",\"datePublished\":\"2022-08-22T08:59:36+00:00\",\"dateModified\":\"2022-08-22T09:06:08+00:00\",\"breadcrumb\":{\"@id\":\"https:\/\/itsall-energyefficiency.com\/index.php\/intervista-masini-quix\/#breadcrumb\"},\"inLanguage\":\"it-IT\",\"potentialAction\":[{\"@type\":\"ReadAction\",\"target\":[\"https:\/\/itsall-energyefficiency.com\/index.php\/intervista-masini-quix\/\"]}]},{\"@type\":\"ImageObject\",\"inLanguage\":\"it-IT\",\"@id\":\"https:\/\/itsall-energyefficiency.com\/index.php\/intervista-masini-quix\/#primaryimage\",\"url\":\"http:\/\/itsall-energyefficiency.com\/wp-content\/uploads\/2022\/07\/MASINI.jpg\",\"contentUrl\":\"http:\/\/itsall-energyefficiency.com\/wp-content\/uploads\/2022\/07\/MASINI.jpg\"},{\"@type\":\"BreadcrumbList\",\"@id\":\"https:\/\/itsall-energyefficiency.com\/index.php\/intervista-masini-quix\/#breadcrumb\",\"itemListElement\":[{\"@type\":\"ListItem\",\"position\":1,\"name\":\"Home\",\"item\":\"https:\/\/itsall-energyefficiency.com\/\"},{\"@type\":\"ListItem\",\"position\":2,\"name\":\"intervista Masini QUIX\"}]},{\"@type\":\"WebSite\",\"@id\":\"https:\/\/itsall-energyefficiency.com\/#website\",\"url\":\"https:\/\/itsall-energyefficiency.com\/\",\"name\":\"It&#039;s all ENERGY EFFICIENCY\",\"description\":\"Gli ENERGY MANEGER a confornto\",\"potentialAction\":[{\"@type\":\"SearchAction\",\"target\":{\"@type\":\"EntryPoint\",\"urlTemplate\":\"https:\/\/itsall-energyefficiency.com\/?s={search_term_string}\"},\"query-input\":{\"@type\":\"PropertyValueSpecification\",\"valueRequired\":true,\"valueName\":\"search_term_string\"}}],\"inLanguage\":\"it-IT\"}]}<\/script>\n<!-- \/ Yoast SEO plugin. -->","yoast_head_json":{"title":"intervista Masini QUIX - It&#039;s all ENERGY EFFICIENCY","robots":{"index":"index","follow":"follow","max-snippet":"max-snippet:-1","max-image-preview":"max-image-preview:large","max-video-preview":"max-video-preview:-1"},"canonical":"https:\/\/itsall-energyefficiency.com\/index.php\/intervista-masini-quix\/","og_locale":"it_IT","og_type":"article","og_title":"intervista Masini QUIX - It&#039;s all ENERGY EFFICIENCY","og_description":"&nbsp; Intervista Claudio Masini\u00a0 Amministratore Delegato QUIX &nbsp; &nbsp; &nbsp; Nel vostro intervento presenterete la vostra piattaforma QPower, in che modo questo strumento pu\u00f2 aiutare le aziende? Ogni Energy Manager necessita di migliorare la gestione dell\u2019energia, ottimizzare i costi energetici, diminuire lo spreco energetico e aumentare l\u2019efficienza. Realizzare tutti questi obiettivi non \u00e8 semplice, ma [&hellip;]","og_url":"https:\/\/itsall-energyefficiency.com\/index.php\/intervista-masini-quix\/","og_site_name":"It&#039;s all ENERGY EFFICIENCY","article_modified_time":"2022-08-22T09:06:08+00:00","og_image":[{"width":200,"height":200,"url":"https:\/\/itsall-energyefficiency.com\/wp-content\/uploads\/2022\/07\/MASINI.jpg","type":"image\/jpeg"}],"twitter_card":"summary_large_image","twitter_misc":{"Tempo di lettura stimato":"3 minuti"},"schema":{"@context":"https:\/\/schema.org","@graph":[{"@type":"WebPage","@id":"https:\/\/itsall-energyefficiency.com\/index.php\/intervista-masini-quix\/","url":"https:\/\/itsall-energyefficiency.com\/index.php\/intervista-masini-quix\/","name":"intervista Masini QUIX - It&#039;s all ENERGY EFFICIENCY","isPartOf":{"@id":"https:\/\/itsall-energyefficiency.com\/#website"},"primaryImageOfPage":{"@id":"https:\/\/itsall-energyefficiency.com\/index.php\/intervista-masini-quix\/#primaryimage"},"image":{"@id":"https:\/\/itsall-energyefficiency.com\/index.php\/intervista-masini-quix\/#primaryimage"},"thumbnailUrl":"http:\/\/itsall-energyefficiency.com\/wp-content\/uploads\/2022\/07\/MASINI.jpg","datePublished":"2022-08-22T08:59:36+00:00","dateModified":"2022-08-22T09:06:08+00:00","breadcrumb":{"@id":"https:\/\/itsall-energyefficiency.com\/index.php\/intervista-masini-quix\/#breadcrumb"},"inLanguage":"it-IT","potentialAction":[{"@type":"ReadAction","target":["https:\/\/itsall-energyefficiency.com\/index.php\/intervista-masini-quix\/"]}]},{"@type":"ImageObject","inLanguage":"it-IT","@id":"https:\/\/itsall-energyefficiency.com\/index.php\/intervista-masini-quix\/#primaryimage","url":"http:\/\/itsall-energyefficiency.com\/wp-content\/uploads\/2022\/07\/MASINI.jpg","contentUrl":"http:\/\/itsall-energyefficiency.com\/wp-content\/uploads\/2022\/07\/MASINI.jpg"},{"@type":"BreadcrumbList","@id":"https:\/\/itsall-energyefficiency.com\/index.php\/intervista-masini-quix\/#breadcrumb","itemListElement":[{"@type":"ListItem","position":1,"name":"Home","item":"https:\/\/itsall-energyefficiency.com\/"},{"@type":"ListItem","position":2,"name":"intervista Masini QUIX"}]},{"@type":"WebSite","@id":"https:\/\/itsall-energyefficiency.com\/#website","url":"https:\/\/itsall-energyefficiency.com\/","name":"It&#039;s all ENERGY EFFICIENCY","description":"Gli ENERGY MANEGER a confornto","potentialAction":[{"@type":"SearchAction","target":{"@type":"EntryPoint","urlTemplate":"https:\/\/itsall-energyefficiency.com\/?s={search_term_string}"},"query-input":{"@type":"PropertyValueSpecification","valueRequired":true,"valueName":"search_term_string"}}],"inLanguage":"it-IT"}]}},"_links":{"self":[{"href":"https:\/\/itsall-energyefficiency.com\/index.php\/wp-json\/wp\/v2\/pages\/4137","targetHints":{"allow":["GET"]}}],"collection":[{"href":"https:\/\/itsall-energyefficiency.com\/index.php\/wp-json\/wp\/v2\/pages"}],"about":[{"href":"https:\/\/itsall-energyefficiency.com\/index.php\/wp-json\/wp\/v2\/types\/page"}],"author":[{"embeddable":true,"href":"https:\/\/itsall-energyefficiency.com\/index.php\/wp-json\/wp\/v2\/users\/2"}],"replies":[{"embeddable":true,"href":"https:\/\/itsall-energyefficiency.com\/index.php\/wp-json\/wp\/v2\/comments?post=4137"}],"version-history":[{"count":4,"href":"https:\/\/itsall-energyefficiency.com\/index.php\/wp-json\/wp\/v2\/pages\/4137\/revisions"}],"predecessor-version":[{"id":4139,"href":"https:\/\/itsall-energyefficiency.com\/index.php\/wp-json\/wp\/v2\/pages\/4137\/revisions\/4139"}],"wp:attachment":[{"href":"https:\/\/itsall-energyefficiency.com\/index.php\/wp-json\/wp\/v2\/media?parent=4137"}],"curies":[{"name":"wp","href":"https:\/\/api.w.org\/{rel}","templated":true}]}}