{"id":4417,"date":"2023-09-18T21:03:18","date_gmt":"2023-09-18T19:03:18","guid":{"rendered":"https:\/\/itsall-energyefficiency.com\/?page_id=4417"},"modified":"2023-09-20T15:02:37","modified_gmt":"2023-09-20T13:02:37","slug":"intervista-maroso-termo-fisher-scientific","status":"publish","type":"page","link":"https:\/\/itsall-energyefficiency.com\/index.php\/intervista-maroso-termo-fisher-scientific\/","title":{"rendered":"intervista"},"content":{"rendered":"<p>[vc_row css=&#8221;.vc_custom_1695064285838{padding-top: 20px !important;}&#8221;][vc_column width=&#8221;5\/6&#8243;][vc_single_image image=&#8221;4298&#8243; img_size=&#8221;full&#8221; style=&#8221;vc_box_border_circle_2&#8243;][vc_column_text]<span style=\"color: #000000;\"><strong>Leonardo Maroso<\/strong> Program Management Director <strong>THERMO FISHER SCIENTIFIC<\/strong><\/span>[\/vc_column_text][\/vc_column][vc_column width=&#8221;1\/6&#8243;][vc_single_image image=&#8221;4420&#8243;][\/vc_column][\/vc_row][vc_row][vc_column][vc_column_text]<\/p>\n<h2><span style=\"color: #333333;\"><b>Qual \u00e8 l\u2019attivit\u00e0 per la sostenibilit\u00e0 su cui puntate di pi\u00f9?<\/b><\/span><\/h2>\n<p>Le iniziative per la sostenibilit\u00e0 spaziano su una vasta gamma di ambiti, dalla promozione delle energie rinnovabili all&#8217;efficienza energetica, dalla gestione responsabile dell&#8217;acqua ai trasporti a basse emissioni.<\/p>\n<p>Tra tutte l&#8217;attivit\u00e0 per la sostenibilit\u00e0 la nostra attenzione \u00e8 maggiormente concentrata attualmente sulla decarbonizzazione. Questo approccio riflette la comprensione crescente dell&#8217;importanza di ridurre le emissioni di gas serra per affrontare il cambiamento climatico.<\/p>\n<p>Le attivit\u00e0 di decarbonizzazione si articolano in una serie di azioni, che vanno dalle misure pi\u00f9 immediate e con ritorni sull&#8217;investimento pi\u00f9 rapidi\u00a0 come l&#8217;isolamento termico degli edifici, la riqualificazione dei sistemi di distribuzione dei vettori termici e l&#8217;utilizzo di scambiatori di calore per il riutilizzo dell&#8217;energia termica residua, per poi passare iniziative pi\u00f9 ampie come l&#8217;installazione graduale di pompe di calore.<\/p>\n<p>Un aspetto importante nell&#8217;affrontare la decarbonizzazione \u00e8 rendere le soluzioni sostenibili anche vantaggiose dal punto di vista economico. Senza questa importante considerazione si potrebbe perdere competitivit\u00e0 \u00a0o c\u2019\u00e8 il rischio che i programmi di decarbonizzazione subiscano un rallentamento.<\/p>\n<p>Per rendere vantaggiosi dal punto di vista economico i progetti di decarbonizzazione si pu\u00f2 partire da progetti che mirino a eliminare sprechi inutili e migliorare l&#8217;efficienza operativa.<\/p>\n<p>Ci\u00f2 non solo aiuta a rendere pi\u00f9 attraenti le iniziative di decarbonizzazione, ma anche a creare un incentivo aggiuntivo per le aziende a investire in soluzioni sostenibili.<\/p>\n<p>Nel contesto della decarbonizzazione, l&#8217;obiettivo finale \u00e8 l&#8217;elettrificazione quasi completa, che ridurrebbe notevolmente la dipendenza da fonti di energia ad alta intensit\u00e0 di carbonio. Tuttavia, \u00e8 importante adottare un approccio graduale, iniziando con le opportunit\u00e0 pi\u00f9 vantaggiose e poi estendere progressivamente le iniziative per coprire l&#8217;intero utilizzo di energia.<\/p>\n<p>In sintesi, l&#8217;attuale impegno per la sostenibilit\u00e0 si concentra principalmente sulla decarbonizzazione, riconoscendo che ridurre l&#8217;impatto delle emissioni di carbonio \u00e8 fondamentale per affrontare le sfide ambientali. La pianificazione e l&#8217;implementazione di iniziative di decarbonizzazione mirano non solo a ridurre l&#8217;impatto ambientale, ma anche a aumentare la competitivit\u00e0\u00a0 generando vantaggi economici attraverso l&#8217;efficienza operativa e la riduzione degli sprechi.<\/p>\n<p>&nbsp;<\/p>\n<h2><span style=\"color: #333333;\"><b>La cogenerazione, come verr\u00e0 utilizzata in futuro?<\/b><\/span><\/h2>\n<p>La cogenerazione \u00e8 un argomento dibattuto poich\u00e9 presenta vantaggi e svantaggi da considerare. Da un lato, consente di produrre energia con un&#8217;elevata efficienza, poich\u00e9 sfrutta sia l&#8217;energia elettrica\u00a0 che il calore generati contemporaneamente. Dall&#8217;altro lato, c&#8217;\u00e8 il problema delle elevate emissioni di anidride carbonica (CO2) all&#8217;interno del sito di installazione. Queste emissioni possono sollevare preoccupazioni in termini di impatto ambientale e sostenibilit\u00e0.<\/p>\n<p>I sistemi di cogenerazione, noti anche come CHP (Combined Heat and Power), offrono vantaggi notevoli. Prima di tutto contribuiscono agli sforzi di sostenibilit\u00e0 ambientale, poich\u00e9 utilizzano il calore altrimenti sprecato, migliorando l&#8217;efficienza complessiva del processo. Inoltre, l&#8217;aspetto della generazione energetica locale aiuta a ridurre la dipendenza dalle forniture esterne e pu\u00f2 favorire l&#8217;elettrificazione delle aree circostanti.<\/p>\n<p>Tutto questo portando risparmi economici, in quanto sfruttando in modo efficiente le risorse energetiche, si riducono significativamente i costi energetici.<\/p>\n<p>\u00c8 previsto che nei prossimi anni i cogeneratori manterranno un ruolo importante nelle strategie energetiche. Tuttavia, diventa essenziale considerare come alimentare questi sistemi con combustibili a basso impatto ambientale, come l&#8217;idrogeno e\/o il biogas. L&#8217;utilizzo di tali fonti di energia &#8220;verde&#8221; pu\u00f2 contribuire in modo significativo alla riduzione delle emissioni di CO2 associate alla cogenerazione. Va sottolineato che per raggiungere l\u2019obbiettivo di decarbonizzazione le emissioni di CO2 dei cogeneratori potrebbero determinarne la dismissione.<\/p>\n<p>L&#8217;idea di progetti che mirino a recuperare la quasi totalit\u00e0 del calore emesso durante il processo di cogenerazione e adottare la combustione di biogas e idrogeno rappresenta un passo avanti notevole. Questo tipo di approccio potrebbe non solo ridurre ulteriormente l&#8217;impatto ambientale, ma anche aumentare l&#8217;efficienza complessiva del sistema.<\/p>\n<p>La disponibilit\u00e0 economica e agevole dei biogas e dell&#8217;idrogeno nei prossimi anni diventer\u00e0 cruciale per il successo dei sistemi CHP. Questi combustibili rappresentano alternative pi\u00f9 sostenibili rispetto a fonti tradizionali di energia e possono contribuire a una transizione energetica pi\u00f9 verde e responsabile.[\/vc_column_text][\/vc_column][\/vc_row]<\/p>\n","protected":false},"excerpt":{"rendered":"<p>[vc_row css=&#8221;.vc_custom_1695064285838{padding-top: 20px !important;}&#8221;][vc_column width=&#8221;5\/6&#8243;][vc_single_image image=&#8221;4298&#8243; img_size=&#8221;full&#8221; style=&#8221;vc_box_border_circle_2&#8243;][vc_column_text]Leonardo Maroso Program Management Director THERMO FISHER SCIENTIFIC[\/vc_column_text][\/vc_column][vc_column width=&#8221;1\/6&#8243;][vc_single_image image=&#8221;4420&#8243;][\/vc_column][\/vc_row][vc_row][vc_column][vc_column_text] Qual \u00e8 l\u2019attivit\u00e0 per la sostenibilit\u00e0 su cui puntate di pi\u00f9? Le iniziative per la sostenibilit\u00e0 spaziano su una vasta gamma di ambiti, dalla promozione delle energie rinnovabili all&#8217;efficienza energetica, dalla gestione responsabile dell&#8217;acqua ai trasporti a basse [&hellip;]<\/p>\n","protected":false},"author":2,"featured_media":0,"parent":0,"menu_order":0,"comment_status":"closed","ping_status":"closed","template":"","meta":{"footnotes":""},"class_list":["post-4417","page","type-page","status-publish","hentry"],"yoast_head":"<!-- This site is optimized with the Yoast SEO plugin v24.8.1 - https:\/\/yoast.com\/wordpress\/plugins\/seo\/ -->\n<title>intervista - It&#039;s all ENERGY EFFICIENCY<\/title>\n<meta name=\"robots\" content=\"index, follow, max-snippet:-1, max-image-preview:large, max-video-preview:-1\" \/>\n<link rel=\"canonical\" href=\"https:\/\/itsall-energyefficiency.com\/index.php\/intervista-maroso-termo-fisher-scientific\/\" \/>\n<meta property=\"og:locale\" content=\"it_IT\" \/>\n<meta property=\"og:type\" content=\"article\" \/>\n<meta property=\"og:title\" content=\"intervista - It&#039;s all ENERGY EFFICIENCY\" \/>\n<meta property=\"og:description\" content=\"[vc_row css=&#8221;.vc_custom_1695064285838{padding-top: 20px !important;}&#8221;][vc_column width=&#8221;5\/6&#8243;][vc_single_image image=&#8221;4298&#8243; img_size=&#8221;full&#8221; style=&#8221;vc_box_border_circle_2&#8243;][vc_column_text]Leonardo Maroso Program Management Director THERMO FISHER SCIENTIFIC[\/vc_column_text][\/vc_column][vc_column width=&#8221;1\/6&#8243;][vc_single_image image=&#8221;4420&#8243;][\/vc_column][\/vc_row][vc_row][vc_column][vc_column_text] Qual \u00e8 l\u2019attivit\u00e0 per la sostenibilit\u00e0 su cui puntate di pi\u00f9? Le iniziative per la sostenibilit\u00e0 spaziano su una vasta gamma di ambiti, dalla promozione delle energie rinnovabili all&#8217;efficienza energetica, dalla gestione responsabile dell&#8217;acqua ai trasporti a basse [&hellip;]\" \/>\n<meta property=\"og:url\" content=\"https:\/\/itsall-energyefficiency.com\/index.php\/intervista-maroso-termo-fisher-scientific\/\" \/>\n<meta property=\"og:site_name\" content=\"It&#039;s all ENERGY EFFICIENCY\" \/>\n<meta property=\"article:modified_time\" content=\"2023-09-20T13:02:37+00:00\" \/>\n<meta name=\"twitter:card\" content=\"summary_large_image\" \/>\n<meta name=\"twitter:label1\" content=\"Tempo di lettura stimato\" \/>\n\t<meta name=\"twitter:data1\" content=\"4 minuti\" \/>\n<script type=\"application\/ld+json\" class=\"yoast-schema-graph\">{\"@context\":\"https:\/\/schema.org\",\"@graph\":[{\"@type\":\"WebPage\",\"@id\":\"https:\/\/itsall-energyefficiency.com\/index.php\/intervista-maroso-termo-fisher-scientific\/\",\"url\":\"https:\/\/itsall-energyefficiency.com\/index.php\/intervista-maroso-termo-fisher-scientific\/\",\"name\":\"intervista - It&#039;s all ENERGY EFFICIENCY\",\"isPartOf\":{\"@id\":\"https:\/\/itsall-energyefficiency.com\/#website\"},\"datePublished\":\"2023-09-18T19:03:18+00:00\",\"dateModified\":\"2023-09-20T13:02:37+00:00\",\"breadcrumb\":{\"@id\":\"https:\/\/itsall-energyefficiency.com\/index.php\/intervista-maroso-termo-fisher-scientific\/#breadcrumb\"},\"inLanguage\":\"it-IT\",\"potentialAction\":[{\"@type\":\"ReadAction\",\"target\":[\"https:\/\/itsall-energyefficiency.com\/index.php\/intervista-maroso-termo-fisher-scientific\/\"]}]},{\"@type\":\"BreadcrumbList\",\"@id\":\"https:\/\/itsall-energyefficiency.com\/index.php\/intervista-maroso-termo-fisher-scientific\/#breadcrumb\",\"itemListElement\":[{\"@type\":\"ListItem\",\"position\":1,\"name\":\"Home\",\"item\":\"https:\/\/itsall-energyefficiency.com\/\"},{\"@type\":\"ListItem\",\"position\":2,\"name\":\"intervista\"}]},{\"@type\":\"WebSite\",\"@id\":\"https:\/\/itsall-energyefficiency.com\/#website\",\"url\":\"https:\/\/itsall-energyefficiency.com\/\",\"name\":\"It&#039;s all ENERGY EFFICIENCY\",\"description\":\"Gli ENERGY MANEGER a confornto\",\"potentialAction\":[{\"@type\":\"SearchAction\",\"target\":{\"@type\":\"EntryPoint\",\"urlTemplate\":\"https:\/\/itsall-energyefficiency.com\/?s={search_term_string}\"},\"query-input\":{\"@type\":\"PropertyValueSpecification\",\"valueRequired\":true,\"valueName\":\"search_term_string\"}}],\"inLanguage\":\"it-IT\"}]}<\/script>\n<!-- \/ Yoast SEO plugin. -->","yoast_head_json":{"title":"intervista - It&#039;s all ENERGY EFFICIENCY","robots":{"index":"index","follow":"follow","max-snippet":"max-snippet:-1","max-image-preview":"max-image-preview:large","max-video-preview":"max-video-preview:-1"},"canonical":"https:\/\/itsall-energyefficiency.com\/index.php\/intervista-maroso-termo-fisher-scientific\/","og_locale":"it_IT","og_type":"article","og_title":"intervista - It&#039;s all ENERGY EFFICIENCY","og_description":"[vc_row css=&#8221;.vc_custom_1695064285838{padding-top: 20px !important;}&#8221;][vc_column width=&#8221;5\/6&#8243;][vc_single_image image=&#8221;4298&#8243; img_size=&#8221;full&#8221; style=&#8221;vc_box_border_circle_2&#8243;][vc_column_text]Leonardo Maroso Program Management Director THERMO FISHER SCIENTIFIC[\/vc_column_text][\/vc_column][vc_column width=&#8221;1\/6&#8243;][vc_single_image image=&#8221;4420&#8243;][\/vc_column][\/vc_row][vc_row][vc_column][vc_column_text] Qual \u00e8 l\u2019attivit\u00e0 per la sostenibilit\u00e0 su cui puntate di pi\u00f9? Le iniziative per la sostenibilit\u00e0 spaziano su una vasta gamma di ambiti, dalla promozione delle energie rinnovabili all&#8217;efficienza energetica, dalla gestione responsabile dell&#8217;acqua ai trasporti a basse [&hellip;]","og_url":"https:\/\/itsall-energyefficiency.com\/index.php\/intervista-maroso-termo-fisher-scientific\/","og_site_name":"It&#039;s all ENERGY EFFICIENCY","article_modified_time":"2023-09-20T13:02:37+00:00","twitter_card":"summary_large_image","twitter_misc":{"Tempo di lettura stimato":"4 minuti"},"schema":{"@context":"https:\/\/schema.org","@graph":[{"@type":"WebPage","@id":"https:\/\/itsall-energyefficiency.com\/index.php\/intervista-maroso-termo-fisher-scientific\/","url":"https:\/\/itsall-energyefficiency.com\/index.php\/intervista-maroso-termo-fisher-scientific\/","name":"intervista - It&#039;s all ENERGY EFFICIENCY","isPartOf":{"@id":"https:\/\/itsall-energyefficiency.com\/#website"},"datePublished":"2023-09-18T19:03:18+00:00","dateModified":"2023-09-20T13:02:37+00:00","breadcrumb":{"@id":"https:\/\/itsall-energyefficiency.com\/index.php\/intervista-maroso-termo-fisher-scientific\/#breadcrumb"},"inLanguage":"it-IT","potentialAction":[{"@type":"ReadAction","target":["https:\/\/itsall-energyefficiency.com\/index.php\/intervista-maroso-termo-fisher-scientific\/"]}]},{"@type":"BreadcrumbList","@id":"https:\/\/itsall-energyefficiency.com\/index.php\/intervista-maroso-termo-fisher-scientific\/#breadcrumb","itemListElement":[{"@type":"ListItem","position":1,"name":"Home","item":"https:\/\/itsall-energyefficiency.com\/"},{"@type":"ListItem","position":2,"name":"intervista"}]},{"@type":"WebSite","@id":"https:\/\/itsall-energyefficiency.com\/#website","url":"https:\/\/itsall-energyefficiency.com\/","name":"It&#039;s all ENERGY EFFICIENCY","description":"Gli ENERGY MANEGER a confornto","potentialAction":[{"@type":"SearchAction","target":{"@type":"EntryPoint","urlTemplate":"https:\/\/itsall-energyefficiency.com\/?s={search_term_string}"},"query-input":{"@type":"PropertyValueSpecification","valueRequired":true,"valueName":"search_term_string"}}],"inLanguage":"it-IT"}]}},"_links":{"self":[{"href":"https:\/\/itsall-energyefficiency.com\/index.php\/wp-json\/wp\/v2\/pages\/4417","targetHints":{"allow":["GET"]}}],"collection":[{"href":"https:\/\/itsall-energyefficiency.com\/index.php\/wp-json\/wp\/v2\/pages"}],"about":[{"href":"https:\/\/itsall-energyefficiency.com\/index.php\/wp-json\/wp\/v2\/types\/page"}],"author":[{"embeddable":true,"href":"https:\/\/itsall-energyefficiency.com\/index.php\/wp-json\/wp\/v2\/users\/2"}],"replies":[{"embeddable":true,"href":"https:\/\/itsall-energyefficiency.com\/index.php\/wp-json\/wp\/v2\/comments?post=4417"}],"version-history":[{"count":9,"href":"https:\/\/itsall-energyefficiency.com\/index.php\/wp-json\/wp\/v2\/pages\/4417\/revisions"}],"predecessor-version":[{"id":4433,"href":"https:\/\/itsall-energyefficiency.com\/index.php\/wp-json\/wp\/v2\/pages\/4417\/revisions\/4433"}],"wp:attachment":[{"href":"https:\/\/itsall-energyefficiency.com\/index.php\/wp-json\/wp\/v2\/media?parent=4417"}],"curies":[{"name":"wp","href":"https:\/\/api.w.org\/{rel}","templated":true}]}}